{"id":34,"date":"2013-08-09T11:08:03","date_gmt":"2013-08-09T11:08:03","guid":{"rendered":"http:\/\/lebenswert.sitetown.tv\/?page_id=34"},"modified":"2018-08-26T21:55:16","modified_gmt":"2018-08-26T19:55:16","slug":"impressum","status":"publish","type":"page","link":"http:\/\/www.lebenswert-kotzerke.de\/?page_id=34","title":{"rendered":"Impressum"},"content":{"rendered":"<p><strong>Verantwortlich f\u00fcr den Inhalt:<\/strong><\/p>\n<p>Susanne Kotzerke<br \/>\nMarienstra\u00dfe 32<br \/>\n30171 Hannover<br \/>\nTel.: 0511 &#8211; 26 234 23<br \/>\nE-Mail: susanne.kotzerke@existenzanalyse.org<\/p>\n<p><strong>Datenschutzerkl\u00e4rung<\/strong><\/p>\n<p><strong>Geltungsbereich<\/strong><\/p>\n<p>Diese Datenschutzerkl\u00e4rung kl\u00e4rt Nutzer \u00fcber die Art, den Umfang und Zwecke der Erhebung und Verwendung personenbezogener Daten durch den verantwortlichen Anbieter Susanne Kotzerke, Marienstra\u00dfe 32, 30171 Hannover, Tel.: 0511 &#8211; 26 234 23, E-Mail: susanne.kotzerke@existenzanalyse.org, auf dieser Website (im folgenden \u201cAngebot\u201d) auf.<\/p>\n<p>Die rechtlichen Grundlagen des Datenschutzes finden sich im Bundesdatenschutzgesetz (BDSG) und dem Telemediengesetz (TMG).<\/p>\n<p><strong>Zugriffsdaten\/ Server-Logfiles<\/strong><\/p>\n<p><span class=\"sd-muster-content\">Der Anbieter (beziehungsweise sein Webspace-Provider) erhebt Daten \u00fcber jeden Zugriff auf das Angebot (so genannte Serverlogfiles). Zu den Zugriffsdaten geh\u00f6ren:<\/span><\/p>\n<p>Name der abgerufenen Webseite, Datei, Datum und Uhrzeit des Abrufs, \u00fcbertragene Datenmenge, Meldung \u00fcber erfolgreichen Abruf, Browsertyp nebst Version, das Betriebssystem des Nutzers, Referrer URL (die zuvor besuchte Seite), IP-Adresse und der anfragende Provider.<\/p>\n<p>Der Anbieter verwendet die Protokolldaten nur f\u00fcr statistische Auswertungen zum Zweck des Betriebs, der Sicherheit und der Optimierung des Angebotes. Der Anbieterbeh\u00e4lt sich jedoch vor, die Protokolldaten nachtr\u00e4glich zu \u00fcberpr\u00fcfen, wenn aufgrund konkreter Anhaltspunkte der berechtigte Verdacht einer rechtswidrigen Nutzung besteht.<\/p>\n<p><strong>Kontaktaufnahme<\/strong><\/p>\n<p><span class=\"sd-muster-content\">Bei der Kontaktaufnahme mit dem Anbieter (zum Beispiel per Kontaktformular oder E-Mail) werden die Angaben des Nutzers zwecks Bearbeitung der Anfrage sowie f\u00fcr den Fall, dass Anschlussfragen entstehen, gespeichert.<\/span><\/p>\n<p><strong>Widerruf, \u00c4nderungen, Berichtigungen und Aktualisierungen<\/strong><\/p>\n<p>Der Nutzer hat das Recht, auf Antrag unentgeltlich Auskunft zu erhalten \u00fcber die personenbezogenen Daten, die \u00fcber ihn gespeichert wurden. Zus\u00e4tzlich hat der Nutzer das Recht auf Berichtigung unrichtiger Daten, Sperrung und L\u00f6schung seiner personenbezogenen Daten, soweit dem keine gesetzliche Aufbewahrungspflicht entgegensteht.<\/p>\n<p>Hier die Stichworte, f\u00fcr die Suche im Netz:\u00a0 Hannover, Heilpraktiker f\u00fcr Psychotherapie, Beratung, Praxis f\u00fcr\u00a0Psychotherapie und Lebensberatung, \u00a0Lebensfragen, Sinn-suche,\u00a0Burn-Out, Ausgebrannt, Depression, Ersch\u00f6pfung,\u00a0\u00c4ngste,\u00a0Sozialangst, Psychosomatische Symptome, Schmerzen, Psychose, Schizophrenie, Leid, Tod, Trauer, Scheidung, Trennung, Selbstwert, Werte, Sinn,Beratung, depressive Angstst\u00f6rung, Depression und\u00a0Angst, ICD10, Depression und Angst, Soziale Phobie, Panik, Panikattacke,\u00a0Kopfschmerzen, \u00dcbelkeit, Schmerzen ohne k\u00f6rperliche Ursache, Schlafst\u00f6rungen, Unruhe, Pers\u00f6nlichkeitsentwicklung,\u00a0 Beziehungskrise, Beratung bei Beziehungsschwierigkeiten, Lebensberatung, Panikst\u00f6rung, Psychologische Beratung, Angst, Stress, Stresssymptome,\u00a0Kopfdruck, Angst Panik, Behandlung\u00a0Depression, Trauerbegleitung, Trauergruppe, Focusing, Existenzanalyse, Logotherapie<\/p>\n<p>&nbsp;<\/p>\n","protected":false},"excerpt":{"rendered":"<p>Verantwortlich f\u00fcr den Inhalt: Susanne Kotzerke Marienstra\u00dfe 32 30171 Hannover Tel.: 0511 &#8211; 26 234 23 E-Mail: susanne.kotzerke@existenzanalyse.org Datenschutzerkl\u00e4rung Geltungsbereich Diese Datenschutzerkl\u00e4rung kl\u00e4rt Nutzer \u00fcber&#8230;<\/p>\n","protected":false},"author":1,"featured_media":0,"parent":0,"menu_order":0,"comment_status":"closed","ping_status":"open","template":"","meta":{"footnotes":""},"class_list":["post-34","page","type-page","status-publish","hentry"],"_links":{"self":[{"href":"http:\/\/www.lebenswert-kotzerke.de\/index.php?rest_route=\/wp\/v2\/pages\/34","targetHints":{"allow":["GET"]}}],"collection":[{"href":"http:\/\/www.lebenswert-kotzerke.de\/index.php?rest_route=\/wp\/v2\/pages"}],"about":[{"href":"http:\/\/www.lebenswert-kotzerke.de\/index.php?rest_route=\/wp\/v2\/types\/page"}],"author":[{"embeddable":true,"href":"http:\/\/www.lebenswert-kotzerke.de\/index.php?rest_route=\/wp\/v2\/users\/1"}],"replies":[{"embeddable":true,"href":"http:\/\/www.lebenswert-kotzerke.de\/index.php?rest_route=%2Fwp%2Fv2%2Fcomments&post=34"}],"version-history":[{"count":6,"href":"http:\/\/www.lebenswert-kotzerke.de\/index.php?rest_route=\/wp\/v2\/pages\/34\/revisions"}],"predecessor-version":[{"id":497,"href":"http:\/\/www.lebenswert-kotzerke.de\/index.php?rest_route=\/wp\/v2\/pages\/34\/revisions\/497"}],"wp:attachment":[{"href":"http:\/\/www.lebenswert-kotzerke.de\/index.php?rest_route=%2Fwp%2Fv2%2Fmedia&parent=34"}],"curies":[{"name":"wp","href":"https:\/\/api.w.org\/{rel}","templated":true}]}}